{"id":354,"date":"2016-11-03T17:58:44","date_gmt":"2016-11-03T17:58:44","guid":{"rendered":"http:\/\/lawyer2.mythemecloud.io\/?page_id=354"},"modified":"2023-10-12T19:13:27","modified_gmt":"2023-10-12T18:13:27","slug":"contact","status":"publish","type":"page","link":"https:\/\/istraakcija.hr\/?page_id=354","title":{"rendered":"Contact"},"content":{"rendered":"\t\t<div data-elementor-type=\"wp-page\" data-elementor-id=\"354\" class=\"elementor elementor-354\" data-elementor-settings=\"[]\">\n\t\t\t\t\t\t\t<div class=\"elementor-section-wrap\">\n\t\t\t\t\t\t\t<section class=\"elementor-section elementor-top-section elementor-element elementor-element-hlt93es elementor-section-full_width elementor-section-height-default elementor-section-height-default\" data-id=\"hlt93es\" data-element_type=\"section\">\n\t\t\t\t\t\t<div class=\"elementor-container elementor-column-gap-default\">\n\t\t\t\t\t<div class=\"elementor-column elementor-col-100 elementor-top-column elementor-element elementor-element-e9sgetw\" data-id=\"e9sgetw\" data-element_type=\"column\">\n\t\t\t<div class=\"elementor-widget-wrap elementor-element-populated\">\n\t\t\t\t\t\t\t\t<div class=\"elementor-element elementor-element-zhkzbdk elementor-widget elementor-widget-google_maps\" data-id=\"zhkzbdk\" data-element_type=\"widget\" data-widget_type=\"google_maps.default\">\n\t\t\t\t<div class=\"elementor-widget-container\">\n\t\t\t<style>\/*! elementor - v3.5.4 - 23-01-2022 *\/\n.elementor-widget-google_maps .elementor-widget-container{overflow:hidden}.elementor-widget-google_maps iframe{height:300px}<\/style>\t\t<div class=\"elementor-custom-embed\">\n\t\t\t<iframe frameborder=\"0\" scrolling=\"no\" marginheight=\"0\" marginwidth=\"0\"\n\t\t\t\t\tsrc=\"https:\/\/maps.google.com\/maps?q=Pula&#038;t=m&#038;z=11&#038;output=embed&#038;iwloc=near\"\n\t\t\t\t\ttitle=\"Pula\"\n\t\t\t\t\taria-label=\"Pula\"\n\t\t\t><\/iframe>\n\t\t<\/div>\n\t\t\t\t<\/div>\n\t\t\t\t<\/div>\n\t\t\t\t\t<\/div>\n\t\t<\/div>\n\t\t\t\t\t\t\t<\/div>\n\t\t<\/section>\n\t\t\t\t<section class=\"elementor-section elementor-top-section elementor-element elementor-element-1e40e46 elementor-section-boxed elementor-section-height-default elementor-section-height-default\" data-id=\"1e40e46\" data-element_type=\"section\">\n\t\t\t\t\t\t<div class=\"elementor-container elementor-column-gap-default\">\n\t\t\t\t\t<div class=\"elementor-column elementor-col-100 elementor-top-column elementor-element elementor-element-a748a6f\" data-id=\"a748a6f\" data-element_type=\"column\">\n\t\t\t<div class=\"elementor-widget-wrap elementor-element-populated\">\n\t\t\t\t\t\t\t\t<div class=\"elementor-element elementor-element-415abfc elementor-widget elementor-widget-wpforms\" data-id=\"415abfc\" data-element_type=\"widget\" data-widget_type=\"wpforms.default\">\n\t\t\t\t<div class=\"elementor-widget-container\">\n\t\t\t<div class=\"wpforms-container wpforms-container-full\" id=\"wpforms-831\"><form id=\"wpforms-form-831\" class=\"wpforms-validate wpforms-form wpforms-ajax-form\" data-formid=\"831\" method=\"post\" enctype=\"multipart\/form-data\" action=\"\/index.php?rest_route=%2Fwp%2Fv2%2Fpages%2F354\" data-token=\"5ffca2003f7fca6941a44f9326553135\"><div class=\"wpforms-head-container\"><div class=\"wpforms-title\">Po\u0161aljite nam mail, na svaki Va\u0161 upit rado \u0107emo odgovoriti!<\/div><\/div><noscript class=\"wpforms-error-noscript\">Please enable JavaScript in your browser to complete this form.<\/noscript><div class=\"wpforms-field-container\"><div id=\"wpforms-831-field_0-container\" class=\"wpforms-field wpforms-field-name\" data-field-id=\"0\"><label class=\"wpforms-field-label\" for=\"wpforms-831-field_0\">Ime i prezime: <span class=\"wpforms-required-label\">*<\/span><\/label><input type=\"text\" id=\"wpforms-831-field_0\" class=\"wpforms-field-medium wpforms-field-required\" name=\"wpforms[fields][0]\" required><\/div><div id=\"wpforms-831-field_4-container\" class=\"wpforms-field wpforms-field-name\" data-field-id=\"4\"><label class=\"wpforms-field-label\" for=\"wpforms-831-field_4\">Naziv pravnog subjekta: <span class=\"wpforms-required-label\">*<\/span><\/label><input type=\"text\" id=\"wpforms-831-field_4\" class=\"wpforms-field-medium wpforms-field-required\" name=\"wpforms[fields][4]\" required><\/div><div id=\"wpforms-831-field_1-container\" class=\"wpforms-field wpforms-field-email\" data-field-id=\"1\"><label class=\"wpforms-field-label\" for=\"wpforms-831-field_1\">E-mail adresa <span class=\"wpforms-required-label\">*<\/span><\/label><input type=\"email\" id=\"wpforms-831-field_1\" class=\"wpforms-field-medium wpforms-field-required\" name=\"wpforms[fields][1]\" required><div class=\"wpforms-field-description\">E-mail adresa za na\u0161 odgovor<\/div><\/div><div id=\"wpforms-831-field_5-container\" class=\"wpforms-field wpforms-field-select wpforms-field-select-style-classic\" data-field-id=\"5\"><label class=\"wpforms-field-label\" for=\"wpforms-831-field_5\">Odaberite temu Va\u0161e poruke:<\/label><select id=\"wpforms-831-field_5\" class=\"wpforms-field-medium\" name=\"wpforms[fields][5]\"><option value=\"Izrada Pravilnika i Popisa\"  selected='selected'>Izrada Pravilnika i Popisa<\/option><option value=\"Sre\u0111ivanje gradiva\" >Sre\u0111ivanje gradiva<\/option><option value=\"Prodaja arhivske opreme\" >Prodaja arhivske opreme<\/option><option value=\"Usluge seljenja arhive\" >Usluge seljenja arhive<\/option><option value=\"Skladi\u0161tenje gradiva\" >Skladi\u0161tenje gradiva<\/option><option value=\"Ostalo\" >Ostalo<\/option><\/select><\/div><div id=\"wpforms-831-field_2-container\" class=\"wpforms-field wpforms-field-textarea\" data-field-id=\"2\"><label class=\"wpforms-field-label\" for=\"wpforms-831-field_2\">Va\u0161 upit ili poruka: <span class=\"wpforms-required-label\">*<\/span><\/label><textarea id=\"wpforms-831-field_2\" class=\"wpforms-field-medium wpforms-field-required\" name=\"wpforms[fields][2]\" required><\/textarea><\/div><\/div><div class=\"wpforms-submit-container\"><input type=\"hidden\" name=\"wpforms[id]\" value=\"831\"><input type=\"hidden\" name=\"wpforms[author]\" value=\"1\"><button type=\"submit\" name=\"wpforms[submit]\" id=\"wpforms-submit-831\" class=\"wpforms-submit\" data-alt-text=\"SLANJE...\" data-submit-text=\"PO\u0160ALJI\" aria-live=\"assertive\" value=\"wpforms-submit\">PO\u0160ALJI<\/button><img loading=\"lazy\" decoding=\"async\" src=\"https:\/\/istraakcija.hr\/wp-content\/plugins\/wpforms-lite\/assets\/images\/submit-spin.svg\" class=\"wpforms-submit-spinner\" style=\"display: none;\" width=\"26\" height=\"26\" alt=\"\"><\/div><\/form><\/div>  <!-- .wpforms-container -->\t\t<\/div>\n\t\t\t\t<\/div>\n\t\t\t\t\t<\/div>\n\t\t<\/div>\n\t\t\t\t\t\t\t<\/div>\n\t\t<\/section>\n\t\t\t\t<section class=\"elementor-section elementor-top-section elementor-element elementor-element-lh8ypsj elementor-section-boxed elementor-section-height-default elementor-section-height-default\" data-id=\"lh8ypsj\" data-element_type=\"section\">\n\t\t\t\t\t\t<div class=\"elementor-container elementor-column-gap-default\">\n\t\t\t\t\t<div class=\"elementor-column elementor-col-33 elementor-top-column elementor-element elementor-element-h3u9tf3\" data-id=\"h3u9tf3\" data-element_type=\"column\">\n\t\t\t<div class=\"elementor-widget-wrap elementor-element-populated\">\n\t\t\t\t\t\t\t\t<div class=\"elementor-element elementor-element-l1pycqz elementor-view-default elementor-position-top elementor-vertical-align-top elementor-widget elementor-widget-icon-box\" data-id=\"l1pycqz\" data-element_type=\"widget\" data-widget_type=\"icon-box.default\">\n\t\t\t\t<div class=\"elementor-widget-container\">\n\t\t\t<style>\/*! elementor - v3.5.4 - 23-01-2022 *\/\n@media (min-width:768px){.elementor-widget-icon-box.elementor-position-left .elementor-icon-box-wrapper,.elementor-widget-icon-box.elementor-position-right .elementor-icon-box-wrapper{display:-webkit-box;display:-ms-flexbox;display:flex}.elementor-widget-icon-box.elementor-position-left .elementor-icon-box-icon,.elementor-widget-icon-box.elementor-position-right .elementor-icon-box-icon{display:-webkit-inline-box;display:-ms-inline-flexbox;display:inline-flex;-webkit-box-flex:0;-ms-flex:0 0 auto;flex:0 0 auto}.elementor-widget-icon-box.elementor-position-right .elementor-icon-box-wrapper{text-align:right;-webkit-box-orient:horizontal;-webkit-box-direction:reverse;-ms-flex-direction:row-reverse;flex-direction:row-reverse}.elementor-widget-icon-box.elementor-position-left .elementor-icon-box-wrapper{text-align:left;-webkit-box-orient:horizontal;-webkit-box-direction:normal;-ms-flex-direction:row;flex-direction:row}.elementor-widget-icon-box.elementor-position-top .elementor-icon-box-img{margin:auto}.elementor-widget-icon-box.elementor-vertical-align-top .elementor-icon-box-wrapper{-webkit-box-align:start;-ms-flex-align:start;align-items:flex-start}.elementor-widget-icon-box.elementor-vertical-align-middle .elementor-icon-box-wrapper{-webkit-box-align:center;-ms-flex-align:center;align-items:center}.elementor-widget-icon-box.elementor-vertical-align-bottom .elementor-icon-box-wrapper{-webkit-box-align:end;-ms-flex-align:end;align-items:flex-end}}@media (max-width:767px){.elementor-widget-icon-box .elementor-icon-box-icon{margin-left:auto!important;margin-right:auto!important;margin-bottom:15px}}.elementor-widget-icon-box .elementor-icon-box-wrapper{text-align:center}.elementor-widget-icon-box .elementor-icon-box-title a{color:inherit}.elementor-widget-icon-box .elementor-icon-box-content{-webkit-box-flex:1;-ms-flex-positive:1;flex-grow:1}.elementor-widget-icon-box .elementor-icon-box-description{margin:0}<\/style>\t\t<div class=\"elementor-icon-box-wrapper\">\n\t\t\t\t\t\t<div class=\"elementor-icon-box-icon\">\n\t\t\t\t<span class=\"elementor-icon elementor-animation-\" >\n\t\t\t\t<i aria-hidden=\"true\" class=\"fas fa-map-marker-alt\"><\/i>\t\t\t\t<\/span>\n\t\t\t<\/div>\n\t\t\t\t\t\t<div class=\"elementor-icon-box-content\">\n\t\t\t\t<h3 class=\"elementor-icon-box-title\">\n\t\t\t\t\t<span  >\n\t\t\t\t\t\t\t\t\t\t\t<\/span>\n\t\t\t\t<\/h3>\n\t\t\t\t\t\t\t\t\t<p class=\"elementor-icon-box-description\">\n\t\t\t\t\t\tADRESA:\n<br>\n<br>\nPrilaz Monte Cappelletta 3\n<br>\n<br>\n52100 Pula\t\t\t\t\t<\/p>\n\t\t\t\t\t\t\t<\/div>\n\t\t<\/div>\n\t\t\t\t<\/div>\n\t\t\t\t<\/div>\n\t\t\t\t\t<\/div>\n\t\t<\/div>\n\t\t\t\t<div class=\"elementor-column elementor-col-33 elementor-top-column elementor-element elementor-element-re222k6\" data-id=\"re222k6\" data-element_type=\"column\">\n\t\t\t<div class=\"elementor-widget-wrap elementor-element-populated\">\n\t\t\t\t\t\t\t\t<div class=\"elementor-element elementor-element-y6efdo4 elementor-view-default elementor-position-top elementor-vertical-align-top elementor-widget elementor-widget-icon-box\" data-id=\"y6efdo4\" data-element_type=\"widget\" data-widget_type=\"icon-box.default\">\n\t\t\t\t<div class=\"elementor-widget-container\">\n\t\t\t\t\t<div class=\"elementor-icon-box-wrapper\">\n\t\t\t\t\t\t<div class=\"elementor-icon-box-icon\">\n\t\t\t\t<span class=\"elementor-icon elementor-animation-\" >\n\t\t\t\t<i aria-hidden=\"true\" class=\"fas fa-phone\"><\/i>\t\t\t\t<\/span>\n\t\t\t<\/div>\n\t\t\t\t\t\t<div class=\"elementor-icon-box-content\">\n\t\t\t\t<h3 class=\"elementor-icon-box-title\">\n\t\t\t\t\t<span  >\n\t\t\t\t\t\t\t\t\t\t\t<\/span>\n\t\t\t\t<\/h3>\n\t\t\t\t\t\t\t\t\t<p class=\"elementor-icon-box-description\">\n\t\t\t\t\t\tKONTAKT:\n<br>\n<br>\n+385 (0)52 383 369\n<br>\n<br>\n+385 (0)95 900 78 22\n<br>\n<br>\n+385 (0)97 791 35 02\n<br>\n<br>\nistraakcija@gmail.com\t\t\t\t\t<\/p>\n\t\t\t\t\t\t\t<\/div>\n\t\t<\/div>\n\t\t\t\t<\/div>\n\t\t\t\t<\/div>\n\t\t\t\t\t<\/div>\n\t\t<\/div>\n\t\t\t\t<div class=\"elementor-column elementor-col-33 elementor-top-column elementor-element elementor-element-up4gpqk\" data-id=\"up4gpqk\" data-element_type=\"column\">\n\t\t\t<div class=\"elementor-widget-wrap elementor-element-populated\">\n\t\t\t\t\t\t\t\t<div class=\"elementor-element elementor-element-hdgm6hk elementor-view-default elementor-position-top elementor-vertical-align-top elementor-widget elementor-widget-icon-box\" data-id=\"hdgm6hk\" data-element_type=\"widget\" data-widget_type=\"icon-box.default\">\n\t\t\t\t<div class=\"elementor-widget-container\">\n\t\t\t\t\t<div class=\"elementor-icon-box-wrapper\">\n\t\t\t\t\t\t<div class=\"elementor-icon-box-icon\">\n\t\t\t\t<span class=\"elementor-icon elementor-animation-\" >\n\t\t\t\t<i aria-hidden=\"true\" class=\"far fa-clock\"><\/i>\t\t\t\t<\/span>\n\t\t\t<\/div>\n\t\t\t\t\t\t<div class=\"elementor-icon-box-content\">\n\t\t\t\t<h3 class=\"elementor-icon-box-title\">\n\t\t\t\t\t<span  >\n\t\t\t\t\t\t\t\t\t\t\t<\/span>\n\t\t\t\t<\/h3>\n\t\t\t\t\t\t\t\t\t<p class=\"elementor-icon-box-description\">\n\t\t\t\t\t\tREDOVNO RADNO VRIJEME:\n<br>\n<br>\nOd ponedjeljka do petka od 8:00 do 16:00\t\t\t\t\t<\/p>\n\t\t\t\t\t\t\t<\/div>\n\t\t<\/div>\n\t\t\t\t<\/div>\n\t\t\t\t<\/div>\n\t\t\t\t\t<\/div>\n\t\t<\/div>\n\t\t\t\t\t\t\t<\/div>\n\t\t<\/section>\n\t\t\t\t\t\t<\/div>\n\t\t\t\t\t<\/div>\n\t\t","protected":false},"excerpt":{"rendered":"<p>ADRESA: Prilaz Monte Cappelletta 3 52100 Pula KONTAKT: +385 (0)52 383 369 +385 (0)95 900 78 22 +385 (0)97 791 35 02 istraakcija@gmail.com REDOVNO RADNO VRIJEME: Od ponedjeljka do petka od 8:00 do 16:00<\/p>\n","protected":false},"author":1,"featured_media":0,"parent":0,"menu_order":0,"comment_status":"closed","ping_status":"closed","template":"","meta":{"footnotes":""},"class_list":["post-354","page","type-page","status-publish","hentry","entry"],"_links":{"self":[{"href":"https:\/\/istraakcija.hr\/index.php?rest_route=\/wp\/v2\/pages\/354","targetHints":{"allow":["GET"]}}],"collection":[{"href":"https:\/\/istraakcija.hr\/index.php?rest_route=\/wp\/v2\/pages"}],"about":[{"href":"https:\/\/istraakcija.hr\/index.php?rest_route=\/wp\/v2\/types\/page"}],"author":[{"embeddable":true,"href":"https:\/\/istraakcija.hr\/index.php?rest_route=\/wp\/v2\/users\/1"}],"replies":[{"embeddable":true,"href":"https:\/\/istraakcija.hr\/index.php?rest_route=%2Fwp%2Fv2%2Fcomments&post=354"}],"version-history":[{"count":30,"href":"https:\/\/istraakcija.hr\/index.php?rest_route=\/wp\/v2\/pages\/354\/revisions"}],"predecessor-version":[{"id":894,"href":"https:\/\/istraakcija.hr\/index.php?rest_route=\/wp\/v2\/pages\/354\/revisions\/894"}],"wp:attachment":[{"href":"https:\/\/istraakcija.hr\/index.php?rest_route=%2Fwp%2Fv2%2Fmedia&parent=354"}],"curies":[{"name":"wp","href":"https:\/\/api.w.org\/{rel}","templated":true}]}}